{"id":10,"date":"2010-05-18T10:16:49","date_gmt":"2010-05-18T10:16:49","guid":{"rendered":"http:\/\/www.kai-niebuhr.de\/portfolio\/?page_id=10"},"modified":"2015-01-20T13:20:38","modified_gmt":"2015-01-20T13:20:38","slug":"ausstellungen","status":"publish","type":"page","link":"https:\/\/www.kai-niebuhr.de\/index.php\/ausstellungen\/","title":{"rendered":"Ausstellungen"},"content":{"rendered":"<p><strong><strong>K\u00fcnstlerischer Werdegang \/ Ausstellungen<\/strong><\/strong><\/p>\n<ul>\n<li>2015 <strong>&#8222;BodySpaces&#8220;<\/strong> Galerie 50meters i.d. R\u00e4umen der Computer Manufaktur, Berlin, EA<\/li>\n<li>2013\/14 <strong>&#8222;BodySpaces&#8220;<\/strong> GALERIA LOGO, Sao Paulo, Brasilien, EA<\/li>\n<li>2013 <strong>&#8222;L\u00e4nderwechsel : Das was wirklich z\u00e4hlt&#8220;<\/strong> Landeshaus, Kiel, AB<\/li>\n<li>2012 <strong>&#8222;\u00dcber die Grenzen&#8220; <\/strong>vom Arbeiten im Grenzbereich grafischer Techniken, Stadtgalerie im Elbeforum, Brunsb\u00fcttel, <strong>Katalog<\/strong><\/li>\n<li>2012 <strong>&#8222;Trost der Dinge&#8220;<\/strong> wildes n\u00e4hen und live zeichnen\/Performance Museumsnacht, Brunswiker Pavillon, Kiel, mit Katharina Kierzek<\/li>\n<li>2012 <strong>&#8222;Das was wirklich z\u00e4hlt&#8220;<\/strong>, Domgalerie\/Kunsthaus &#8222;Tiefer Keller&#8220;, Merseburg, AB<\/li>\n<li>2012 <strong>&#8222;Archiv verworfener M\u00f6glichkeiten&#8220;<\/strong><br \/>\nDoris R\u00fcstig-Ladewig Stiftung, Schleswig, EA<\/li>\n<li>2012\u00a0<strong>58. Landesschau des BBK Schleswig-Holstein<\/strong><br \/>\n<a title=\"Atelierladen Wirklich\" href=\"http:\/\/www.wirklich.info\/inhalte\/jetze\/aktuelles_inhalt.htm\" target=\"_blank\">Katharina Kierzek<\/a> und Kai Niebuhr<br \/>\nTitel des Gemeinschaftswerkes: &#8222;Trost der Dinge&#8220;, \u00a0Stadtgalerie im Elbeforum Brunsb\u00fcttel<\/li>\n<li>2011\u00a0<strong>\u201cvermeintlich perspektivlos\u201d<\/strong><br \/>\nChristopher Pr\u00f6sch und Kai Niebuhr, \u00a0Sparkassenakademie Schleswig-Holstein, Faluner Weg 2, Kiel<\/li>\n<li>2011\u00a0<strong>\u201cK\u00f6rperzentralhaltestelle\u201d<br \/>\n<\/strong><a title=\"Atelierladen Wirklich\" href=\"http:\/\/www.wirklich.info\/\" target=\"_blank\">Katharina Kierzek<\/a> und Kai Niebuhr,\u00a0Rund um Kunst- das Original, Eidersteder Str.24, Bordesholm<\/li>\n<li>2011\u00a0\u201cSimulacrum\u201d Kunstraum B, Ringstr. 68, Kiel, Christopher Pr\u00f6sch und Kai Niebuhr<\/li>\n<li>2011\u00a0\u201eStrich und Faden\u201c Brunswiker Pavillon Kiel, AB<\/li>\n<li>2010\u00a0\u201eBrunswiker B\u00fcchersalon\u201c Brunswiker Pavillon Kiel, AB<\/li>\n<li>2009 \/10 56. L\u00e4nderschau des BBK-SH, Ostholstein-Museum Eutin, anschlie\u00dfend Rathaus-Galerie Oslo, Norwegen, AB<\/li>\n<li>2009\u00a0\u201eaugenscheinlichkeitsverrat, Bunker-D Galerie, Kiel, GA<\/li>\n<li>2009\u00a0\u201epain\u201c, Brunswiker Pavillon Kiel, GA<\/li>\n<li>2008\u00a0\u201emilchglasscheibenschieben\u201c, Kunstkreis Preetz e.V., GA<\/li>\n<li>2008\u00a0\u201eLiebeswerke\u201c, N\u00e4h-Happening Museumsnacht, Kunsthalle zu Kiel<\/li>\n<li>2008\u00a0\u201eDer Strich in der Landschaft\u201c, Botanischer Garten Kiel, GA<\/li>\n<li>2008\u00a0\u201eHandhaben\u201c, Maschinenhaus \u2013 Muthesu\u00edus Kunsthochschule Kiel, GA<\/li>\n<li>2008\u00a0\u201eohne oben auch unten\u201c, Kunstraum B Kiel, GA<\/li>\n<li>2007\u00a0\u201eMeisterwerke\u201c, N\u00e4h-Happening, Museumsnacht, Kunsthalle zu Kiel<\/li>\n<li>2007\u00a0\u201eMit Farbe und Faden\u201c, Neufeldthaus bei Take \/ Maracke, GA<\/li>\n<li>2006\u00a0\u201eHandw\u00e4sche\u201c, Kunstraum B Kiel, EA<\/li>\n<li>2006\u00a0\u201eNeue Arbeiten\u201c, B\u00fcrgergalerie Neum\u00fcnster, EA<\/li>\n<li>2006\/05\u00a052. Landesschau des BBK-SH, Burgkloster L\u00fcbeck, AB<\/li>\n<li>2005\u00a0\u201eOpen End\u201c Kunstraum B Kiel, GA<\/li>\n<li>2005\u00a0\u201eAufw\u00e4rmphase II\u201c, Knorrstra\u00dfe Kiel, AB<\/li>\n<\/ul>\n<p>&nbsp;<\/p>\n","protected":false},"excerpt":{"rendered":"<p>K\u00fcnstlerischer Werdegang \/ Ausstellungen 2015 &#8222;BodySpaces&#8220; Galerie 50meters i.d. R\u00e4umen der Computer Manufaktur, Berlin, EA 2013\/14 &#8222;BodySpaces&#8220; GALERIA LOGO, Sao Paulo, Brasilien, EA 2013 &#8222;L\u00e4nderwechsel : Das was wirklich z\u00e4hlt&#8220; Landeshaus, Kiel, AB 2012 &#8222;\u00dcber die Grenzen&#8220; vom Arbeiten im Grenzbereich grafischer Techniken, Stadtgalerie im Elbeforum, Brunsb\u00fcttel, Katalog 2012 &#8222;Trost der Dinge&#8220; wildes n\u00e4hen und&#8230; <\/p>\n<div class=\"read-more navbutton\"><a href=\"https:\/\/www.kai-niebuhr.de\/index.php\/ausstellungen\/\">Read More<i class=\"fa fa-angle-double-right\"><\/i><\/a><\/div>\n","protected":false},"author":1,"featured_media":0,"parent":0,"menu_order":0,"comment_status":"closed","ping_status":"closed","template":"","meta":{"footnotes":""},"class_list":["post-10","page","type-page","status-publish","hentry"],"_links":{"self":[{"href":"https:\/\/www.kai-niebuhr.de\/index.php\/wp-json\/wp\/v2\/pages\/10"}],"collection":[{"href":"https:\/\/www.kai-niebuhr.de\/index.php\/wp-json\/wp\/v2\/pages"}],"about":[{"href":"https:\/\/www.kai-niebuhr.de\/index.php\/wp-json\/wp\/v2\/types\/page"}],"author":[{"embeddable":true,"href":"https:\/\/www.kai-niebuhr.de\/index.php\/wp-json\/wp\/v2\/users\/1"}],"replies":[{"embeddable":true,"href":"https:\/\/www.kai-niebuhr.de\/index.php\/wp-json\/wp\/v2\/comments?post=10"}],"version-history":[{"count":8,"href":"https:\/\/www.kai-niebuhr.de\/index.php\/wp-json\/wp\/v2\/pages\/10\/revisions"}],"predecessor-version":[{"id":207,"href":"https:\/\/www.kai-niebuhr.de\/index.php\/wp-json\/wp\/v2\/pages\/10\/revisions\/207"}],"wp:attachment":[{"href":"https:\/\/www.kai-niebuhr.de\/index.php\/wp-json\/wp\/v2\/media?parent=10"}],"curies":[{"name":"wp","href":"https:\/\/api.w.org\/{rel}","templated":true}]}}